{"id":672,"date":"2024-08-31T16:37:03","date_gmt":"2024-08-31T14:37:03","guid":{"rendered":"https:\/\/braider.eu\/?post_type=product&#038;p=672"},"modified":"2024-08-31T16:47:53","modified_gmt":"2024-08-31T14:47:53","slug":"suverenia-150-x-75-cm-biala","status":"publish","type":"product","link":"https:\/\/braider.eu\/en\/product\/suverenia-150-x-75-cm-biala\/","title":{"rendered":"Suverenia 150 x 75 cm , bia\u0142a"},"content":{"rendered":"<p>Wanna wolnostoj\u0105ca przy\u015bcienna Suverenia w rozmiarze 150 x 75 z bateri\u0105 nawannow\u0105 4 otworow\u0105 to funkcjonalno\u015b\u0107, nietuzinkowy design i \u0142atwo\u015b\u0107 monta\u017cu. Wykonana z wysokiej jako\u015bci p\u0142yty akrylowej wzmacnianej kilkoma warstwami w\u0142\u00f3kna szklanego z \u017cywic\u0105. Charakteryzuje si\u0119 mo\u017cliwo\u015bci\u0105 przystawienia ty\u0142em do \u015bciany co pozwala na znaczn\u0105 oszcz\u0119dno\u015b\u0107 miejsca w \u0142azience. Model posiada p\u00f3\u0142k\u0119 od strony \u015bciany, na kt\u00f3rej zamontowana jest bateria. Przy\u0142\u0105cza wanny wyprowadzone s\u0105 u do\u0142u wanny pod obudow\u0105, natomiast dost\u0119p do przy\u0142\u0105czy baterii jest bezpo\u015brednio pod p\u00f3\u0142k\u0105 wanny. \u015awietnie sprawdzi si\u0119 r\u00f3wnie\u017c jako model typowo wolnostoj\u0105cy ze wzgl\u0119du na zabudowan\u0105 cz\u0119\u015b\u0107 tyln\u0105 wanny. Suverenia stanowi po\u0142\u0105czenie wanny owalnej, wanny przy\u015bciennej oraz zestawu prysznicowego ze s\u0142uchawk\u0105 i wylewk\u0105. Wanna w kolorze bia\u0142ym. Posiada korek klik klak oraz syfon obrotowy z rur\u0105 odp\u0142ywow\u0105, system przelewowy wraz z chromowan\u0105 ozdobn\u0105 za\u015blepk\u0105.<\/p>","protected":false},"excerpt":{"rendered":"<p>Wanna wolnostoj\u0105ca przy\u015bcienna Suverenia z bateri\u0105 nawannow\u0105 4 otworow\u0105 z wylewk\u0105 i prysznicem w rozmiarze 150 x 75 w komplecie z korkiem klik klak, syfonem niskoprofilowym obrotowym, rur\u0105 odp\u0142ywow\u0105 oraz systemem przelewowym z chromowan\u0105 za\u015blepk\u0105.<\/p>","protected":false},"featured_media":674,"comment_status":"closed","ping_status":"closed","template":"","meta":{"_acf_changed":false,"inline_featured_image":false},"product_cat":[18],"product_tag":[],"class_list":{"0":"post-672","1":"product","2":"type-product","3":"status-publish","4":"has-post-thumbnail","6":"product_cat-wanny-wolnostojace","8":"first","9":"instock","10":"shipping-taxable","11":"product-type-simple"},"acf":[],"_links":{"self":[{"href":"https:\/\/braider.eu\/en\/wp-json\/wp\/v2\/product\/672","targetHints":{"allow":["GET"]}}],"collection":[{"href":"https:\/\/braider.eu\/en\/wp-json\/wp\/v2\/product"}],"about":[{"href":"https:\/\/braider.eu\/en\/wp-json\/wp\/v2\/types\/product"}],"replies":[{"embeddable":true,"href":"https:\/\/braider.eu\/en\/wp-json\/wp\/v2\/comments?post=672"}],"wp:featuredmedia":[{"embeddable":true,"href":"https:\/\/braider.eu\/en\/wp-json\/wp\/v2\/media\/674"}],"wp:attachment":[{"href":"https:\/\/braider.eu\/en\/wp-json\/wp\/v2\/media?parent=672"}],"wp:term":[{"taxonomy":"product_cat","embeddable":true,"href":"https:\/\/braider.eu\/en\/wp-json\/wp\/v2\/product_cat?post=672"},{"taxonomy":"product_tag","embeddable":true,"href":"https:\/\/braider.eu\/en\/wp-json\/wp\/v2\/product_tag?post=672"}],"curies":[{"name":"wp","href":"https:\/\/api.w.org\/{rel}","templated":true}]}}