{"id":670,"date":"2024-08-31T16:34:10","date_gmt":"2024-08-31T14:34:10","guid":{"rendered":"https:\/\/braider.eu\/?post_type=product&#038;p=670"},"modified":"2024-08-31T16:34:55","modified_gmt":"2024-08-31T14:34:55","slug":"softia-170-x-75-czarno-biala","status":"publish","type":"product","link":"https:\/\/braider.eu\/en\/product\/softia-170-x-75-czarno-biala\/","title":{"rendered":"Softia 170 x 75 , czarno &#8211; bia\u0142a"},"content":{"rendered":"<p>Wanna wolnostoj\u0105ca owalna Softia w rozmiarze 170 x 75 to po\u0142\u0105czenie luksusu, funkcjonalno\u015bci i wyj\u0105tkowego klasycznego designu. Wykonana z wysokiej jako\u015bci p\u0142yty akrylowej wzmacnianej kilkoma warstwami w\u0142\u00f3kna szklanego z \u017cywic\u0105. Charakteryzuje si\u0119 klasycznym eleganckim kszta\u0142tem oraz precyzyjnym wykonaniem, tworz\u0105c unikalny element ka\u017cdej \u0142azienki. Softia to synonim komfortu i stylu, oferuj\u0105cy niezapomniane doznania podczas relaksuj\u0105cych k\u0105pieli. \u00a0Wanna z czarn\u0105 obudow\u0105 i bia\u0142ym wn\u0119trzem. Posiada korek klik klak oraz syfon obrotowy z rur\u0105 odp\u0142ywow\u0105, system przelewowy wraz z ozdobn\u0105 za\u015blepk\u0105.<\/p>","protected":false},"excerpt":{"rendered":"<p>Wanna wolnostoj\u0105ca owalna Softia z czarn\u0105 obudow\u0105 i bia\u0142ym wn\u0119trzem w rozmiarze 170 x 75 w komplecie z korkiem klik klak, syfonem niskoprofilowym obrotowym, rur\u0105 odp\u0142ywow\u0105 oraz systemem przelewowym z chromowan\u0105 za\u015blepk\u0105.<\/p>","protected":false},"featured_media":661,"comment_status":"closed","ping_status":"closed","template":"","meta":{"_acf_changed":false,"inline_featured_image":false},"product_cat":[18],"product_tag":[],"class_list":{"0":"post-670","1":"product","2":"type-product","3":"status-publish","4":"has-post-thumbnail","6":"product_cat-wanny-wolnostojace","8":"first","9":"instock","10":"shipping-taxable","11":"product-type-simple"},"acf":[],"_links":{"self":[{"href":"https:\/\/braider.eu\/en\/wp-json\/wp\/v2\/product\/670","targetHints":{"allow":["GET"]}}],"collection":[{"href":"https:\/\/braider.eu\/en\/wp-json\/wp\/v2\/product"}],"about":[{"href":"https:\/\/braider.eu\/en\/wp-json\/wp\/v2\/types\/product"}],"replies":[{"embeddable":true,"href":"https:\/\/braider.eu\/en\/wp-json\/wp\/v2\/comments?post=670"}],"wp:featuredmedia":[{"embeddable":true,"href":"https:\/\/braider.eu\/en\/wp-json\/wp\/v2\/media\/661"}],"wp:attachment":[{"href":"https:\/\/braider.eu\/en\/wp-json\/wp\/v2\/media?parent=670"}],"wp:term":[{"taxonomy":"product_cat","embeddable":true,"href":"https:\/\/braider.eu\/en\/wp-json\/wp\/v2\/product_cat?post=670"},{"taxonomy":"product_tag","embeddable":true,"href":"https:\/\/braider.eu\/en\/wp-json\/wp\/v2\/product_tag?post=670"}],"curies":[{"name":"wp","href":"https:\/\/api.w.org\/{rel}","templated":true}]}}