{"id":642,"date":"2024-08-31T15:33:49","date_gmt":"2024-08-31T13:33:49","guid":{"rendered":"https:\/\/braider.eu\/?post_type=product&#038;p=642"},"modified":"2024-08-31T15:36:56","modified_gmt":"2024-08-31T13:36:56","slug":"silentia-150-x-75-biala","status":"publish","type":"product","link":"https:\/\/braider.eu\/en\/product\/silentia-150-x-75-biala\/","title":{"rendered":"Silentia 150 x 75 , bia\u0142a"},"content":{"rendered":"<blockquote><p>Wanna wolnostoj\u0105ca Silentia w rozmiarze 150 x 75 to wyj\u0105tkowy jednoosobowy model z wygodnym podwy\u017cszonym oparciem, W por\u00f3wnaniu do innych modeli tego typu boki Silentii podniesione s\u0105 asymetrycznie. Jeden jest wy\u017cszy i stanowi podparcie plec\u00f3w i g\u0142owy. \u00a0Wykonana z wysokiej jako\u015bci p\u0142yty akrylowej, wzmacnianej kilkoma warstwami w\u0142\u00f3kna szklanego z \u017cywic\u0105. Charakteryzuje si\u0119 ciekawym wyd\u0142u\u017conym kszta\u0142tem oraz precyzyjnym wykonaniem, tworz\u0105c unikalny element ka\u017cdej \u0142azienki. Niepowtarzalny styl wanny Silentia przypominaj\u0105cy \u0142\u00f3dk\u0119 z zadartym kilem oferuje niezapomniane doznania podczas relaksuj\u0105cych k\u0105pieli. \u00a0Wanna w kolorze bia\u0142ym. Posiada korek klik klak oraz syfon obrotowy z rur\u0105 odp\u0142ywow\u0105, system przelewowy wraz z ozdobn\u0105 za\u015blepk\u0105.<\/p><\/blockquote>","protected":false},"excerpt":{"rendered":"<p>Wanna wolnostoj\u0105ca Silentia z podwy\u017cszonym oparciem w rozmiarze 150 x 75 w komplecie z korkiem klik klak, syfonem niskoprofilowym obrotowym, rur\u0105 odp\u0142ywow\u0105 oraz systemem przelewowym z chromowan\u0105 za\u015blepk\u0105.<\/p>","protected":false},"featured_media":641,"comment_status":"closed","ping_status":"closed","template":"","meta":{"_acf_changed":false,"inline_featured_image":false},"product_cat":[18],"product_tag":[],"class_list":{"0":"post-642","1":"product","2":"type-product","3":"status-publish","4":"has-post-thumbnail","6":"product_cat-wanny-wolnostojace","8":"first","9":"instock","10":"shipping-taxable","11":"product-type-simple"},"acf":[],"_links":{"self":[{"href":"https:\/\/braider.eu\/en\/wp-json\/wp\/v2\/product\/642","targetHints":{"allow":["GET"]}}],"collection":[{"href":"https:\/\/braider.eu\/en\/wp-json\/wp\/v2\/product"}],"about":[{"href":"https:\/\/braider.eu\/en\/wp-json\/wp\/v2\/types\/product"}],"replies":[{"embeddable":true,"href":"https:\/\/braider.eu\/en\/wp-json\/wp\/v2\/comments?post=642"}],"wp:featuredmedia":[{"embeddable":true,"href":"https:\/\/braider.eu\/en\/wp-json\/wp\/v2\/media\/641"}],"wp:attachment":[{"href":"https:\/\/braider.eu\/en\/wp-json\/wp\/v2\/media?parent=642"}],"wp:term":[{"taxonomy":"product_cat","embeddable":true,"href":"https:\/\/braider.eu\/en\/wp-json\/wp\/v2\/product_cat?post=642"},{"taxonomy":"product_tag","embeddable":true,"href":"https:\/\/braider.eu\/en\/wp-json\/wp\/v2\/product_tag?post=642"}],"curies":[{"name":"wp","href":"https:\/\/api.w.org\/{rel}","templated":true}]}}