{"id":635,"date":"2024-08-31T15:15:55","date_gmt":"2024-08-31T13:15:55","guid":{"rendered":"https:\/\/braider.eu\/?post_type=product&#038;p=635"},"modified":"2024-08-31T15:22:15","modified_gmt":"2024-08-31T13:22:15","slug":"savaya-160-x-75-cm-biala","status":"publish","type":"product","link":"https:\/\/braider.eu\/en\/product\/savaya-160-x-75-cm-biala\/","title":{"rendered":"Savaya 160 x 75 cm , bia\u0142a"},"content":{"rendered":"<p>Wanna wolnostoj\u0105ca Savaya w rozmiarze 160 x 75 to wanna \u0142\u0105cz\u0105ca cechy modeli owalnych i prostok\u0105tnych. Wykonana z wysokiej jako\u015bci p\u0142yty akrylowej wzmacnianej kilkoma warstwami w\u0142\u00f3kna szklanego z \u017cywic\u0105. Charakteryzuje si\u0119 klasycznym ciekawym kszta\u0142tem oraz precyzyjnym wykonaniem, tworz\u0105c unikalny element ka\u017cdej \u0142azienki. Savaya to synonim nietuzinkowy styl i niezapomniane doznania podczas relaksuj\u0105cych k\u0105pieli. \u00a0Wanna w kolorze bia\u0142ym. Posiada korek klik klak oraz syfon obrotowy z rur\u0105 odp\u0142ywow\u0105, system przelewowy wraz z ozdobn\u0105 za\u015blepk\u0105.<\/p>","protected":false},"excerpt":{"rendered":"<p>Wanna wolnostoj\u0105ca Savaya w rozmiarze 160 x 75 w komplecie z korkiem klik klak, syfonem niskoprofilowym obrotowym, rur\u0105 odp\u0142ywow\u0105 oraz systemem przelewowym z chromowan\u0105 za\u015blepk\u0105.<\/p>","protected":false},"featured_media":636,"comment_status":"closed","ping_status":"closed","template":"","meta":{"_acf_changed":false,"inline_featured_image":false},"product_cat":[18],"product_tag":[],"class_list":{"0":"post-635","1":"product","2":"type-product","3":"status-publish","4":"has-post-thumbnail","6":"product_cat-wanny-wolnostojace","8":"first","9":"instock","10":"shipping-taxable","11":"product-type-simple"},"acf":[],"_links":{"self":[{"href":"https:\/\/braider.eu\/en\/wp-json\/wp\/v2\/product\/635","targetHints":{"allow":["GET"]}}],"collection":[{"href":"https:\/\/braider.eu\/en\/wp-json\/wp\/v2\/product"}],"about":[{"href":"https:\/\/braider.eu\/en\/wp-json\/wp\/v2\/types\/product"}],"replies":[{"embeddable":true,"href":"https:\/\/braider.eu\/en\/wp-json\/wp\/v2\/comments?post=635"}],"wp:featuredmedia":[{"embeddable":true,"href":"https:\/\/braider.eu\/en\/wp-json\/wp\/v2\/media\/636"}],"wp:attachment":[{"href":"https:\/\/braider.eu\/en\/wp-json\/wp\/v2\/media?parent=635"}],"wp:term":[{"taxonomy":"product_cat","embeddable":true,"href":"https:\/\/braider.eu\/en\/wp-json\/wp\/v2\/product_cat?post=635"},{"taxonomy":"product_tag","embeddable":true,"href":"https:\/\/braider.eu\/en\/wp-json\/wp\/v2\/product_tag?post=635"}],"curies":[{"name":"wp","href":"https:\/\/api.w.org\/{rel}","templated":true}]}}