{"id":592,"date":"2024-08-31T13:46:12","date_gmt":"2024-08-31T11:46:12","guid":{"rendered":"https:\/\/braider.eu\/?post_type=product&#038;p=592"},"modified":"2024-08-31T13:48:58","modified_gmt":"2024-08-31T11:48:58","slug":"restia-lewa-140-x-75-cm-czarna","status":"publish","type":"product","link":"https:\/\/braider.eu\/en\/product\/restia-lewa-140-x-75-cm-czarna\/","title":{"rendered":"Restia LEWA 140 x 75 cm , czarna"},"content":{"rendered":"<p>Wanna wolnostoj\u0105ca przy\u015bcienna Restia LEWA naro\u017cna w rozmiarze 140 x 75 to po\u0142\u0105czenie funkcjonalno\u015bci i wyj\u0105tkowego designu. Wykonana z wysokiej jako\u015bci p\u0142yty akrylowej wzmacnianej kilkoma warstwami w\u0142\u00f3kna szklanego z \u017cywic\u0105. Charakteryzuje si\u0119 mo\u017cliwo\u015bci\u0105 przystawienia dwoma bokami do \u015bciany co pozwala na znaczn\u0105 oszcz\u0119dno\u015b\u0107 miejsca w \u0142azience. Klienci maj\u0105 mo\u017cliwo\u015b\u0107 zamontowania baterii nawannowej 3 &#8211; 4 otworowej w przystosowanej do tego kr\u00f3tszej p\u00f3\u0142ce przy\u015bciennej. Restia LEWA naro\u017cna wyr\u00f3\u017cnia si\u0119 swoj\u0105 form\u0105 w\u015br\u00f3d innych wanien przy\u015bciennych poniewa\u017c oferuje znacznie wi\u0119cej ni\u017c wygodn\u0105 k\u0105piel. Restia LEWA naro\u017cna \u0142\u0105czy cechy wanny do zabudowy z wann\u0105 przy\u015bcienn\u0105. Posiada niezabudowane dwa boki kt\u00f3rymi przystawia si\u0119 wann\u0119 do \u015bciany, dzi\u0119ki czemu dost\u0119p do przy\u0142\u0105czy jest prostszy w przypadku \u0142azienek z odp\u0142ywem w \u015bcianie lub naro\u017cu. Wanna z czarn\u0105 obudow\u0105 i czarnym wn\u0119trzem. Posiada korek klik klak oraz syfon obrotowy z rur\u0105 odp\u0142ywow\u0105, system przelewowy wraz z chromowan\u0105 ozdobn\u0105 za\u015blepk\u0105.<\/p>","protected":false},"excerpt":{"rendered":"<p>Wanna wolnostoj\u0105ca przy\u015bcienna Restia LEWA naro\u017cna z czarn\u0105 obudow\u0105 i czarnym wn\u0119trzem w rozmiarze 140 x 75 w komplecie z korkiem klik klak, syfonem niskoprofilowym obrotowym, rur\u0105 odp\u0142ywow\u0105 oraz systemem przelewowym z chromowan\u0105 za\u015blepk\u0105.<\/p>","protected":false},"featured_media":593,"comment_status":"closed","ping_status":"closed","template":"","meta":{"_acf_changed":false,"inline_featured_image":false},"product_cat":[18],"product_tag":[],"class_list":{"0":"post-592","1":"product","2":"type-product","3":"status-publish","4":"has-post-thumbnail","6":"product_cat-wanny-wolnostojace","8":"first","9":"instock","10":"shipping-taxable","11":"product-type-simple"},"acf":[],"_links":{"self":[{"href":"https:\/\/braider.eu\/en\/wp-json\/wp\/v2\/product\/592","targetHints":{"allow":["GET"]}}],"collection":[{"href":"https:\/\/braider.eu\/en\/wp-json\/wp\/v2\/product"}],"about":[{"href":"https:\/\/braider.eu\/en\/wp-json\/wp\/v2\/types\/product"}],"replies":[{"embeddable":true,"href":"https:\/\/braider.eu\/en\/wp-json\/wp\/v2\/comments?post=592"}],"wp:featuredmedia":[{"embeddable":true,"href":"https:\/\/braider.eu\/en\/wp-json\/wp\/v2\/media\/593"}],"wp:attachment":[{"href":"https:\/\/braider.eu\/en\/wp-json\/wp\/v2\/media?parent=592"}],"wp:term":[{"taxonomy":"product_cat","embeddable":true,"href":"https:\/\/braider.eu\/en\/wp-json\/wp\/v2\/product_cat?post=592"},{"taxonomy":"product_tag","embeddable":true,"href":"https:\/\/braider.eu\/en\/wp-json\/wp\/v2\/product_tag?post=592"}],"curies":[{"name":"wp","href":"https:\/\/api.w.org\/{rel}","templated":true}]}}