{"id":569,"date":"2024-08-30T20:04:12","date_gmt":"2024-08-30T18:04:12","guid":{"rendered":"https:\/\/braider.eu\/?post_type=product&#038;p=569"},"modified":"2024-08-30T20:05:22","modified_gmt":"2024-08-30T18:05:22","slug":"restia-150-x-75-cm-czarna","status":"publish","type":"product","link":"https:\/\/braider.eu\/en\/product\/restia-150-x-75-cm-czarna\/","title":{"rendered":"Restia 150 x 75 cm , czarna"},"content":{"rendered":"<p>Wanna wolnostoj\u0105ca przy\u015bcienna Restia symetryczna w rozmiarze 150 x 75 to po\u0142\u0105czenie funkcjonalno\u015bci i wyj\u0105tkowego designu. Wykonana z wysokiej jako\u015bci p\u0142yty akrylowej wzmacnianej kilkoma warstwami w\u0142\u00f3kna szklanego z \u017cywic\u0105. Charakteryzuje si\u0119 mo\u017cliwo\u015bci\u0105 przystawienia ty\u0142em do \u015bciany co pozwala na znaczn\u0105 oszcz\u0119dno\u015b\u0107 miejsca w \u0142azience. Klienci maj\u0105 mo\u017cliwo\u015b\u0107 zamontowania baterii nawannowej 3 &#8211; 4 otworowej w naro\u017cach wanny. Zalecane jest po dwa punkty na naro\u017ce. Restia symetryczna wyr\u00f3\u017cnia si\u0119 swoj\u0105 form\u0105 w\u015br\u00f3d innych wanien przy\u015bciennych , oferuj\u0105c oryginalno\u015b\u0107 i niezapomniane doznania podczas relaksuj\u0105cych k\u0105pieli. \u00a0Wanna z czarn\u0105 obudow\u0105 i czarnym wn\u0119trzem. Posiada korek klik klak oraz syfon obrotowy z rur\u0105 odp\u0142ywow\u0105, system przelewowy wraz z chromowan\u0105 ozdobn\u0105 za\u015blepk\u0105.<\/p>","protected":false},"excerpt":{"rendered":"<p>Wanna wolnostoj\u0105ca przy\u015bcienna Restia symetryczna z czarn\u0105 obudow\u0105 i czarnym wn\u0119trzem w rozmiarze 150 x 75 w komplecie z korkiem klik klak, syfonem niskoprofilowym obrotowym, rur\u0105 odp\u0142ywow\u0105 oraz systemem przelewowym z chromowan\u0105 za\u015blepk\u0105.<\/p>","protected":false},"featured_media":568,"comment_status":"closed","ping_status":"closed","template":"","meta":{"_acf_changed":false,"inline_featured_image":false},"product_cat":[18],"product_tag":[],"class_list":{"0":"post-569","1":"product","2":"type-product","3":"status-publish","4":"has-post-thumbnail","6":"product_cat-wanny-wolnostojace","8":"first","9":"instock","10":"shipping-taxable","11":"product-type-simple"},"acf":[],"_links":{"self":[{"href":"https:\/\/braider.eu\/en\/wp-json\/wp\/v2\/product\/569","targetHints":{"allow":["GET"]}}],"collection":[{"href":"https:\/\/braider.eu\/en\/wp-json\/wp\/v2\/product"}],"about":[{"href":"https:\/\/braider.eu\/en\/wp-json\/wp\/v2\/types\/product"}],"replies":[{"embeddable":true,"href":"https:\/\/braider.eu\/en\/wp-json\/wp\/v2\/comments?post=569"}],"wp:featuredmedia":[{"embeddable":true,"href":"https:\/\/braider.eu\/en\/wp-json\/wp\/v2\/media\/568"}],"wp:attachment":[{"href":"https:\/\/braider.eu\/en\/wp-json\/wp\/v2\/media?parent=569"}],"wp:term":[{"taxonomy":"product_cat","embeddable":true,"href":"https:\/\/braider.eu\/en\/wp-json\/wp\/v2\/product_cat?post=569"},{"taxonomy":"product_tag","embeddable":true,"href":"https:\/\/braider.eu\/en\/wp-json\/wp\/v2\/product_tag?post=569"}],"curies":[{"name":"wp","href":"https:\/\/api.w.org\/{rel}","templated":true}]}}