{"id":564,"date":"2024-08-30T19:57:17","date_gmt":"2024-08-30T17:57:17","guid":{"rendered":"https:\/\/braider.eu\/?post_type=product&#038;p=564"},"modified":"2024-08-30T19:58:15","modified_gmt":"2024-08-30T17:58:15","slug":"restia-180-x-80-cm-biala","status":"publish","type":"product","link":"https:\/\/braider.eu\/en\/product\/restia-180-x-80-cm-biala\/","title":{"rendered":"Restia 180 x 80 cm , bia\u0142a"},"content":{"rendered":"<p>Wanna wolnostoj\u0105ca przy\u015bcienna Restia symetryczna w rozmiarze 180 x 80 to po\u0142\u0105czenie funkcjonalno\u015bci i wyj\u0105tkowego designu. Wykonana z wysokiej jako\u015bci p\u0142yty akrylowej wzmacnianej kilkoma warstwami w\u0142\u00f3kna szklanego z \u017cywic\u0105. Charakteryzuje si\u0119 mo\u017cliwo\u015bci\u0105 przystawienia ty\u0142em do \u015bciany co pozwala na znaczn\u0105 oszcz\u0119dno\u015b\u0107 miejsca w \u0142azience. Klienci maj\u0105 mo\u017cliwo\u015b\u0107 zamontowania baterii nawannowej 3 &#8211; 4 otworowej w naro\u017cach wanny. Zalecane jest po dwa punkty na naro\u017ce. Restia symetryczna wyr\u00f3\u017cnia si\u0119 swoj\u0105 form\u0105 w\u015br\u00f3d innych wanien przy\u015bciennych , oferuj\u0105c oryginalno\u015b\u0107 i niezapomniane doznania podczas relaksuj\u0105cych k\u0105pieli. \u00a0Wanna w kolorze bia\u0142ym. Posiada korek klik klak oraz syfon obrotowy z rur\u0105 odp\u0142ywow\u0105, system przelewowy wraz z chromowan\u0105 ozdobn\u0105 za\u015blepk\u0105.<\/p>","protected":false},"excerpt":{"rendered":"<p>Wanna wolnostoj\u0105ca przy\u015bcienna Restia symetryczna w rozmiarze 180 x 80 w komplecie z korkiem klik klak, syfonem niskoprofilowym obrotowym, rur\u0105 odp\u0142ywow\u0105 oraz systemem przelewowym z chromowan\u0105 za\u015blepk\u0105.<\/p>","protected":false},"featured_media":557,"comment_status":"closed","ping_status":"closed","template":"","meta":{"_acf_changed":false,"inline_featured_image":false},"product_cat":[18],"product_tag":[],"class_list":{"0":"post-564","1":"product","2":"type-product","3":"status-publish","4":"has-post-thumbnail","6":"product_cat-wanny-wolnostojace","8":"first","9":"instock","10":"shipping-taxable","11":"product-type-simple"},"acf":[],"_links":{"self":[{"href":"https:\/\/braider.eu\/en\/wp-json\/wp\/v2\/product\/564","targetHints":{"allow":["GET"]}}],"collection":[{"href":"https:\/\/braider.eu\/en\/wp-json\/wp\/v2\/product"}],"about":[{"href":"https:\/\/braider.eu\/en\/wp-json\/wp\/v2\/types\/product"}],"replies":[{"embeddable":true,"href":"https:\/\/braider.eu\/en\/wp-json\/wp\/v2\/comments?post=564"}],"wp:featuredmedia":[{"embeddable":true,"href":"https:\/\/braider.eu\/en\/wp-json\/wp\/v2\/media\/557"}],"wp:attachment":[{"href":"https:\/\/braider.eu\/en\/wp-json\/wp\/v2\/media?parent=564"}],"wp:term":[{"taxonomy":"product_cat","embeddable":true,"href":"https:\/\/braider.eu\/en\/wp-json\/wp\/v2\/product_cat?post=564"},{"taxonomy":"product_tag","embeddable":true,"href":"https:\/\/braider.eu\/en\/wp-json\/wp\/v2\/product_tag?post=564"}],"curies":[{"name":"wp","href":"https:\/\/api.w.org\/{rel}","templated":true}]}}