{"id":533,"date":"2024-08-30T18:58:40","date_gmt":"2024-08-30T16:58:40","guid":{"rendered":"https:\/\/braider.eu\/?post_type=product&#038;p=533"},"modified":"2024-08-30T19:03:11","modified_gmt":"2024-08-30T17:03:11","slug":"restia-oval-140-x-75-cm-czarno-biala","status":"publish","type":"product","link":"https:\/\/braider.eu\/en\/product\/restia-oval-140-x-75-cm-czarno-biala\/","title":{"rendered":"Restia Oval 140 x 75 cm , czarno &#8211; bia\u0142a"},"content":{"rendered":"<p>Wanna wolnostoj\u0105ca przy\u015bcienna Restia OVAL w rozmiarze 140 x 75 to po\u0142\u0105czenie funkcjonalno\u015bci i wyj\u0105tkowego designu. Wykonana z wysokiej jako\u015bci p\u0142yty akrylowej wzmacnianej kilkoma warstwami w\u0142\u00f3kna szklanego z \u017cywic\u0105. Charakteryzuje si\u0119 mo\u017cliwo\u015bci\u0105 przystawienia ty\u0142em do \u015bciany co pozwala na znaczn\u0105 oszcz\u0119dno\u015b\u0107 miejsca w \u0142azience. Wanna posiada szerok\u0105 p\u00f3\u0142k\u0119 od strony \u015bciany, na kt\u00f3rej mo\u017cna zamontowa\u0107 bateri\u0119 wannow\u0105 3-5 otworow\u0105. \u015awietnie sprawdzi si\u0119 r\u00f3wnie\u017c jako model typowo wolnostoj\u0105cy ze wzgl\u0119du na zabudowan\u0105 cz\u0119\u015b\u0107 tyln\u0105 wanny. Restia OVAL stanowi po\u0142\u0105czenie wanny owalnej i wanny przy\u015bciennej, oferuj\u0105c idealne rozwi\u0105zanie dla klient\u00f3w szukaj\u0105cych nietuzinkowych rozwi\u0105za\u0144. Wanna z czarn\u0105 obudow\u0105 i bia\u0142ym wn\u0119trzem. Posiada korek klik klak oraz syfon obrotowy z rur\u0105 odp\u0142ywow\u0105, system przelewowy wraz z chromowan\u0105 ozdobn\u0105 za\u015blepk\u0105.<\/p>","protected":false},"excerpt":{"rendered":"<p>Wanna wolnostoj\u0105ca przy\u015bcienna Restia Oval z czarn\u0105 obudow\u0105 i bia\u0142ym wn\u0119trzem w rozmiarze 140 x 75 w komplecie z korkiem klik klak, syfonem niskoprofilowym obrotowym, rur\u0105 odp\u0142ywow\u0105 oraz systemem przelewowym z chromowan\u0105 za\u015blepk\u0105.<\/p>","protected":false},"featured_media":534,"comment_status":"closed","ping_status":"closed","template":"","meta":{"_acf_changed":false,"inline_featured_image":false},"product_cat":[18],"product_tag":[],"class_list":{"0":"post-533","1":"product","2":"type-product","3":"status-publish","4":"has-post-thumbnail","6":"product_cat-wanny-wolnostojace","8":"first","9":"instock","10":"shipping-taxable","11":"product-type-simple"},"acf":[],"_links":{"self":[{"href":"https:\/\/braider.eu\/en\/wp-json\/wp\/v2\/product\/533","targetHints":{"allow":["GET"]}}],"collection":[{"href":"https:\/\/braider.eu\/en\/wp-json\/wp\/v2\/product"}],"about":[{"href":"https:\/\/braider.eu\/en\/wp-json\/wp\/v2\/types\/product"}],"replies":[{"embeddable":true,"href":"https:\/\/braider.eu\/en\/wp-json\/wp\/v2\/comments?post=533"}],"wp:featuredmedia":[{"embeddable":true,"href":"https:\/\/braider.eu\/en\/wp-json\/wp\/v2\/media\/534"}],"wp:attachment":[{"href":"https:\/\/braider.eu\/en\/wp-json\/wp\/v2\/media?parent=533"}],"wp:term":[{"taxonomy":"product_cat","embeddable":true,"href":"https:\/\/braider.eu\/en\/wp-json\/wp\/v2\/product_cat?post=533"},{"taxonomy":"product_tag","embeddable":true,"href":"https:\/\/braider.eu\/en\/wp-json\/wp\/v2\/product_tag?post=533"}],"curies":[{"name":"wp","href":"https:\/\/api.w.org\/{rel}","templated":true}]}}