{"id":523,"date":"2024-08-30T18:42:36","date_gmt":"2024-08-30T16:42:36","guid":{"rendered":"https:\/\/braider.eu\/?post_type=product&#038;p=523"},"modified":"2024-08-30T18:43:35","modified_gmt":"2024-08-30T16:43:35","slug":"restia-oval-160-x-75-cm-biala","status":"publish","type":"product","link":"https:\/\/braider.eu\/en\/product\/restia-oval-160-x-75-cm-biala\/","title":{"rendered":"Restia Oval 160 x 75 cm , bia\u0142a"},"content":{"rendered":"<p>Wanna wolnostoj\u0105ca przy\u015bcienna Restia OVAL w rozmiarze 160 x 75 to po\u0142\u0105czenie funkcjonalno\u015bci i wyj\u0105tkowego designu. Wykonana z wysokiej jako\u015bci p\u0142yty akrylowej wzmacnianej kilkoma warstwami w\u0142\u00f3kna szklanego z \u017cywic\u0105. Charakteryzuje si\u0119 mo\u017cliwo\u015bci\u0105 przystawienia ty\u0142em do \u015bciany co pozwala na znaczn\u0105 oszcz\u0119dno\u015b\u0107 miejsca w \u0142azience. Wanna posiada szerok\u0105 p\u00f3\u0142k\u0119 od strony \u015bciany, na kt\u00f3rej mo\u017cna zamontowa\u0107 bateri\u0119 wannow\u0105 3-5 otworow\u0105. \u015awietnie sprawdzi si\u0119 r\u00f3wnie\u017c jako model typowo wolnostoj\u0105cy ze wzgl\u0119du na zabudowan\u0105 cz\u0119\u015b\u0107 tyln\u0105 wanny. Restia OVAL stanowi po\u0142\u0105czenie wanny owalnej i wanny przy\u015bciennej, oferuj\u0105c idealne rozwi\u0105zanie dla klient\u00f3w szukaj\u0105cych nietuzinkowych rozwi\u0105za\u0144. Wanna w kolorze bia\u0142ym. Posiada korek klik klak oraz syfon obrotowy z rur\u0105 odp\u0142ywow\u0105, system przelewowy wraz z chromowan\u0105 ozdobn\u0105 za\u015blepk\u0105.<\/p>","protected":false},"excerpt":{"rendered":"<p>Wanna wolnostoj\u0105ca przy\u015bcienna Restia Oval w rozmiarze 160 x 75 w komplecie z korkiem klik klak, syfonem niskoprofilowym obrotowym, rur\u0105 odp\u0142ywow\u0105 oraz systemem przelewowym z chromowan\u0105 za\u015blepk\u0105.<\/p>","protected":false},"featured_media":521,"comment_status":"closed","ping_status":"closed","template":"","meta":{"_acf_changed":false,"inline_featured_image":false},"product_cat":[18],"product_tag":[],"class_list":{"0":"post-523","1":"product","2":"type-product","3":"status-publish","4":"has-post-thumbnail","6":"product_cat-wanny-wolnostojace","8":"first","9":"instock","10":"shipping-taxable","11":"product-type-simple"},"acf":[],"_links":{"self":[{"href":"https:\/\/braider.eu\/en\/wp-json\/wp\/v2\/product\/523","targetHints":{"allow":["GET"]}}],"collection":[{"href":"https:\/\/braider.eu\/en\/wp-json\/wp\/v2\/product"}],"about":[{"href":"https:\/\/braider.eu\/en\/wp-json\/wp\/v2\/types\/product"}],"replies":[{"embeddable":true,"href":"https:\/\/braider.eu\/en\/wp-json\/wp\/v2\/comments?post=523"}],"wp:featuredmedia":[{"embeddable":true,"href":"https:\/\/braider.eu\/en\/wp-json\/wp\/v2\/media\/521"}],"wp:attachment":[{"href":"https:\/\/braider.eu\/en\/wp-json\/wp\/v2\/media?parent=523"}],"wp:term":[{"taxonomy":"product_cat","embeddable":true,"href":"https:\/\/braider.eu\/en\/wp-json\/wp\/v2\/product_cat?post=523"},{"taxonomy":"product_tag","embeddable":true,"href":"https:\/\/braider.eu\/en\/wp-json\/wp\/v2\/product_tag?post=523"}],"curies":[{"name":"wp","href":"https:\/\/api.w.org\/{rel}","templated":true}]}}