{"id":450,"date":"2024-08-29T17:23:21","date_gmt":"2024-08-29T15:23:21","guid":{"rendered":"https:\/\/braider.eu\/?post_type=product&#038;p=450"},"modified":"2024-08-31T13:32:00","modified_gmt":"2024-08-31T11:32:00","slug":"restia-hydro-170-x-80-z-hydromasazem","status":"publish","type":"product","link":"https:\/\/braider.eu\/en\/product\/restia-hydro-170-x-80-z-hydromasazem\/","title":{"rendered":"Restia Hydro 170 x 80 z hydromasa\u017cem"},"content":{"rendered":"<p>Wanna wolnostoj\u0105ca przy\u015bcienna Restia Hydro symetryczna w rozmiarze 170 x 80 to po\u0142\u0105czenie funkcjonalno\u015bci i wyj\u0105tkowego designu. Wykonana z wysokiej jako\u015bci p\u0142yty akrylowej wzmacnianej kilkoma warstwami w\u0142\u00f3kna szklanego z \u017cywic\u0105. Jest to wanna z hydromasa\u017cem kt\u00f3ra posiada mo\u017cliwo\u015b\u0107 \u00a0przystawienia ty\u0142em do \u015bciany co pozwala na znaczn\u0105 oszcz\u0119dno\u015b\u0107 miejsca w \u0142azience. Wanna posiada zamontowan\u0105 bateri\u0119 nawannow\u0105 4 otworow\u0105 w p\u00f3\u0142ce przy\u015bciennej. Obok baterii znajd\u0105 Pa\u0144stwo przycisk uruchamiaj\u0105cy system hydromasa\u017cu. Restia Hydro wyr\u00f3\u017cnia si\u0119 swoj\u0105 form\u0105 w\u015br\u00f3d innych wanien z hydromasa\u017cem, oferuj\u0105c oryginalno\u015b\u0107 i niezapomniane doznania podczas relaksuj\u0105cych k\u0105pieli. \u00a0Wanna w kolorze bia\u0142ym. Posiada korek klik klak oraz syfon obrotowy z rur\u0105 odp\u0142ywow\u0105, system przelewowy wraz z chromowan\u0105 ozdobn\u0105 za\u015blepk\u0105.<\/p>\n<h6>Wyposa\u017cona w :<\/h6>\n<ul>\n<li>N\u00f3\u017cki do poziomowania zamontowane na specjalnym metalowym stela\u017cu wtopionym w konstrukcj\u0119<\/li>\n<li>Otw\u00f3r przelewowy zaakcentowany ozdobn\u0105 chromowan\u0105 p\u0142ytk\u0105<\/li>\n<li>Wbudowany komplet odp\u0142ywowy z korkiem klik klak<\/li>\n<li>Instrukcja monta\u017cu<\/li>\n<li>System hydromasa\u017cu z zestawem dysz w\u0142\u0105czany chromowanym przyciskiem na rancie wanny<\/li>\n<li>Bateria 4 otworowa chromowana z ruchom\u0105 wylewk\u0105 i s\u0142uchawk\u0105 prysznicow\u0105 z w\u0119\u017cem<\/li>\n<li>4 dysze \u015brednie i 4 ma\u0142e dysze tylne<\/li>\n<li>Pompa wody 0,75 km<\/li>\n<li>Poduszka<\/li>\n<li>Dno g\u0142adkie<\/li>\n<\/ul>","protected":false},"excerpt":{"rendered":"<p>Wanna wolnostoj\u0105ca przy\u015bcienna Restia Hydro w rozmiarze 170 x 80 w komplecie z systemem hydromasa\u017cu, bateri\u0105 nawannow\u0105 4 otworow\u0105, korkiem klik klak, syfonem niskoprofilowym obrotowym, rur\u0105 odp\u0142ywow\u0105 oraz systemem przelewowym z chromowan\u0105 za\u015blepk\u0105.<\/p>","protected":false},"featured_media":451,"comment_status":"closed","ping_status":"closed","template":"","meta":{"_acf_changed":false,"inline_featured_image":false},"product_cat":[26],"product_tag":[],"class_list":{"0":"post-450","1":"product","2":"type-product","3":"status-publish","4":"has-post-thumbnail","6":"product_cat-wanny-z-hydromasazem","8":"first","9":"instock","10":"shipping-taxable","11":"product-type-simple"},"acf":[],"_links":{"self":[{"href":"https:\/\/braider.eu\/en\/wp-json\/wp\/v2\/product\/450","targetHints":{"allow":["GET"]}}],"collection":[{"href":"https:\/\/braider.eu\/en\/wp-json\/wp\/v2\/product"}],"about":[{"href":"https:\/\/braider.eu\/en\/wp-json\/wp\/v2\/types\/product"}],"replies":[{"embeddable":true,"href":"https:\/\/braider.eu\/en\/wp-json\/wp\/v2\/comments?post=450"}],"wp:featuredmedia":[{"embeddable":true,"href":"https:\/\/braider.eu\/en\/wp-json\/wp\/v2\/media\/451"}],"wp:attachment":[{"href":"https:\/\/braider.eu\/en\/wp-json\/wp\/v2\/media?parent=450"}],"wp:term":[{"taxonomy":"product_cat","embeddable":true,"href":"https:\/\/braider.eu\/en\/wp-json\/wp\/v2\/product_cat?post=450"},{"taxonomy":"product_tag","embeddable":true,"href":"https:\/\/braider.eu\/en\/wp-json\/wp\/v2\/product_tag?post=450"}],"curies":[{"name":"wp","href":"https:\/\/api.w.org\/{rel}","templated":true}]}}