{"id":435,"date":"2024-08-29T16:43:53","date_gmt":"2024-08-29T14:43:53","guid":{"rendered":"https:\/\/braider.eu\/?post_type=product&#038;p=435"},"modified":"2024-08-31T17:12:17","modified_gmt":"2024-08-31T15:12:17","slug":"vaggia-170-x-75-czarna","status":"publish","type":"product","link":"https:\/\/braider.eu\/en\/product\/vaggia-170-x-75-czarna\/","title":{"rendered":"Vaggia 170 x 75 , czarna"},"content":{"rendered":"<p>Wanna wolnostoj\u0105ca Vaggia w rozmiarze 170 x 75 to wyj\u0105tkowy jednoosobowy model z wygodnym podwy\u017cszonym oparciem. Wykonana z wysokiej jako\u015bci p\u0142yty akrylowej, wzmacnianej kilkoma warstwami w\u0142\u00f3kna szklanego z \u017cywic\u0105. Charakteryzuje si\u0119 eleganckim i asymetrycznym kszta\u0142tem, tworz\u0105c ozdob\u0119 ka\u017cdej \u0142azienki. Vaggia to synonim wygody, relaksu i nietuzinkowego stylu. Model oferuje niezapomniane doznania podczas relaksuj\u0105cych k\u0105pieli czy te\u017c czytania ksi\u0105\u017cek. Wanna z czarn\u0105 obudow\u0105 i czarnym wn\u0119trzem. Posiada korek klik klak oraz syfon obrotowy z rur\u0105 odp\u0142ywow\u0105, system przelewowy wraz z ozdobn\u0105 za\u015blepk\u0105.<\/p>","protected":false},"excerpt":{"rendered":"<p>Wanna wolnostoj\u0105ca Vaggia z czarn\u0105 obudow\u0105 i czarnym wn\u0119trzem z wysokim oparciem w rozmiarze 170 x 75 w komplecie z korkiem klik klak, syfonem niskoprofilowym obrotowym, rur\u0105 odp\u0142ywow\u0105 oraz systemem przelewowym z chromowan\u0105 za\u015blepk\u0105.<\/p>","protected":false},"featured_media":432,"comment_status":"closed","ping_status":"closed","template":"","meta":{"_acf_changed":false,"inline_featured_image":false},"product_cat":[18],"product_tag":[],"class_list":{"0":"post-435","1":"product","2":"type-product","3":"status-publish","4":"has-post-thumbnail","6":"product_cat-wanny-wolnostojace","8":"first","9":"instock","10":"shipping-taxable","11":"product-type-simple"},"acf":[],"_links":{"self":[{"href":"https:\/\/braider.eu\/en\/wp-json\/wp\/v2\/product\/435","targetHints":{"allow":["GET"]}}],"collection":[{"href":"https:\/\/braider.eu\/en\/wp-json\/wp\/v2\/product"}],"about":[{"href":"https:\/\/braider.eu\/en\/wp-json\/wp\/v2\/types\/product"}],"replies":[{"embeddable":true,"href":"https:\/\/braider.eu\/en\/wp-json\/wp\/v2\/comments?post=435"}],"wp:featuredmedia":[{"embeddable":true,"href":"https:\/\/braider.eu\/en\/wp-json\/wp\/v2\/media\/432"}],"wp:attachment":[{"href":"https:\/\/braider.eu\/en\/wp-json\/wp\/v2\/media?parent=435"}],"wp:term":[{"taxonomy":"product_cat","embeddable":true,"href":"https:\/\/braider.eu\/en\/wp-json\/wp\/v2\/product_cat?post=435"},{"taxonomy":"product_tag","embeddable":true,"href":"https:\/\/braider.eu\/en\/wp-json\/wp\/v2\/product_tag?post=435"}],"curies":[{"name":"wp","href":"https:\/\/api.w.org\/{rel}","templated":true}]}}