{"id":422,"date":"2024-07-19T11:58:15","date_gmt":"2024-07-19T09:58:15","guid":{"rendered":"https:\/\/braider.eu\/?post_type=product&#038;p=422"},"modified":"2024-08-31T15:32:35","modified_gmt":"2024-08-31T13:32:35","slug":"meriggia-170-x-76-biala","status":"publish","type":"product","link":"https:\/\/braider.eu\/en\/product\/meriggia-170-x-76-biala\/","title":{"rendered":"Meriggia 170 x 75 , bia\u0142a"},"content":{"rendered":"<blockquote><p>Wanna wolnostoj\u0105ca Meriggia w rozmiarze 170 x 75 to wyj\u0105tkowy jednoosobowy model z wygodnym podwy\u017cszonym oparciem, \u00a0Wykonana z wysokiej jako\u015bci p\u0142yty akrylowej, wzmacnianej kilkoma warstwami w\u0142\u00f3kna szklanego z \u017cywic\u0105. Charakteryzuje si\u0119 ciekawym wyd\u0142u\u017conym kszta\u0142tem oraz precyzyjnym wykonaniem, tworz\u0105c unikalny element ka\u017cdej \u0142azienki. Niepowtarzalny styl wanny Meriggia przypominaj\u0105cy \u0142\u00f3d\u017a oferuje niezapomniane doznania podczas relaksuj\u0105cych k\u0105pieli. \u00a0Wanna w kolorze bia\u0142ym. Posiada korek klik klak oraz syfon obrotowy z rur\u0105 odp\u0142ywow\u0105, system przelewowy wraz z ozdobn\u0105 za\u015blepk\u0105.<\/p><\/blockquote>","protected":false},"excerpt":{"rendered":"<p>Wanna wolnostoj\u0105ca Meriggia z podwy\u017cszonym oparciem w rozmiarze 170 x 75 w komplecie z korkiem klik klak, syfonem niskoprofilowym obrotowym, rur\u0105 odp\u0142ywow\u0105 oraz systemem przelewowym z chromowan\u0105 za\u015blepk\u0105.<\/p>","protected":false},"featured_media":425,"comment_status":"closed","ping_status":"closed","template":"","meta":{"_acf_changed":false,"inline_featured_image":false},"product_cat":[18],"product_tag":[],"class_list":{"0":"post-422","1":"product","2":"type-product","3":"status-publish","4":"has-post-thumbnail","6":"product_cat-wanny-wolnostojace","8":"first","9":"instock","10":"shipping-taxable","11":"product-type-simple"},"acf":[],"_links":{"self":[{"href":"https:\/\/braider.eu\/en\/wp-json\/wp\/v2\/product\/422","targetHints":{"allow":["GET"]}}],"collection":[{"href":"https:\/\/braider.eu\/en\/wp-json\/wp\/v2\/product"}],"about":[{"href":"https:\/\/braider.eu\/en\/wp-json\/wp\/v2\/types\/product"}],"replies":[{"embeddable":true,"href":"https:\/\/braider.eu\/en\/wp-json\/wp\/v2\/comments?post=422"}],"wp:featuredmedia":[{"embeddable":true,"href":"https:\/\/braider.eu\/en\/wp-json\/wp\/v2\/media\/425"}],"wp:attachment":[{"href":"https:\/\/braider.eu\/en\/wp-json\/wp\/v2\/media?parent=422"}],"wp:term":[{"taxonomy":"product_cat","embeddable":true,"href":"https:\/\/braider.eu\/en\/wp-json\/wp\/v2\/product_cat?post=422"},{"taxonomy":"product_tag","embeddable":true,"href":"https:\/\/braider.eu\/en\/wp-json\/wp\/v2\/product_tag?post=422"}],"curies":[{"name":"wp","href":"https:\/\/api.w.org\/{rel}","templated":true}]}}