{"id":417,"date":"2024-07-19T11:44:53","date_gmt":"2024-07-19T09:44:53","guid":{"rendered":"https:\/\/braider.eu\/?post_type=product&#038;p=417"},"modified":"2024-08-31T16:13:36","modified_gmt":"2024-08-31T14:13:36","slug":"softia-160-x-75-biala","status":"publish","type":"product","link":"https:\/\/braider.eu\/en\/product\/softia-160-x-75-biala\/","title":{"rendered":"Softia 150 x 75 , bia\u0142a"},"content":{"rendered":"<p>Wanna wolnostoj\u0105ca owalna Softia w rozmiarze 150 x 75 to po\u0142\u0105czenie luksusu, funkcjonalno\u015bci i wyj\u0105tkowego klasycznego designu. Wykonana z wysokiej jako\u015bci p\u0142yty akrylowej wzmacnianej kilkoma warstwami w\u0142\u00f3kna szklanego z \u017cywic\u0105. Charakteryzuje si\u0119 klasycznym eleganckim kszta\u0142tem oraz precyzyjnym wykonaniem, tworz\u0105c unikalny element ka\u017cdej \u0142azienki. Softia to synonim komfortu i stylu, oferuj\u0105cy niezapomniane doznania podczas relaksuj\u0105cych k\u0105pieli. \u00a0Wanna w kolorze bia\u0142ym. Posiada korek klik klak oraz syfon obrotowy z rur\u0105 odp\u0142ywow\u0105, system przelewowy wraz z ozdobn\u0105 za\u015blepk\u0105.<\/p>","protected":false},"excerpt":{"rendered":"<p>Wanna wolnostoj\u0105ca owalna Softia 150 x 75 w komplecie z korkiem klik klak, syfonem niskoprofilowym obrotowym, rur\u0105 odp\u0142ywow\u0105 oraz systemem przelewowym z chromowan\u0105 za\u015blepk\u0105.<\/p>","protected":false},"featured_media":372,"comment_status":"closed","ping_status":"closed","template":"","meta":{"_acf_changed":false,"inline_featured_image":false},"product_cat":[18],"product_tag":[],"class_list":{"0":"post-417","1":"product","2":"type-product","3":"status-publish","4":"has-post-thumbnail","6":"product_cat-wanny-wolnostojace","8":"first","9":"instock","10":"shipping-taxable","11":"product-type-simple"},"acf":[],"_links":{"self":[{"href":"https:\/\/braider.eu\/en\/wp-json\/wp\/v2\/product\/417","targetHints":{"allow":["GET"]}}],"collection":[{"href":"https:\/\/braider.eu\/en\/wp-json\/wp\/v2\/product"}],"about":[{"href":"https:\/\/braider.eu\/en\/wp-json\/wp\/v2\/types\/product"}],"replies":[{"embeddable":true,"href":"https:\/\/braider.eu\/en\/wp-json\/wp\/v2\/comments?post=417"}],"wp:featuredmedia":[{"embeddable":true,"href":"https:\/\/braider.eu\/en\/wp-json\/wp\/v2\/media\/372"}],"wp:attachment":[{"href":"https:\/\/braider.eu\/en\/wp-json\/wp\/v2\/media?parent=417"}],"wp:term":[{"taxonomy":"product_cat","embeddable":true,"href":"https:\/\/braider.eu\/en\/wp-json\/wp\/v2\/product_cat?post=417"},{"taxonomy":"product_tag","embeddable":true,"href":"https:\/\/braider.eu\/en\/wp-json\/wp\/v2\/product_tag?post=417"}],"curies":[{"name":"wp","href":"https:\/\/api.w.org\/{rel}","templated":true}]}}