{"id":400,"date":"2024-07-18T12:17:15","date_gmt":"2024-07-18T10:17:15","guid":{"rendered":"https:\/\/braider.eu\/?post_type=product&#038;p=400"},"modified":"2024-08-31T15:07:34","modified_gmt":"2024-08-31T13:07:34","slug":"salanea-180-x-74-biala","status":"publish","type":"product","link":"https:\/\/braider.eu\/en\/product\/salanea-180-x-74-biala\/","title":{"rendered":"Salanea 180 x 74 , bia\u0142a"},"content":{"rendered":"<p>Wanna wolnostoj\u0105ca Salanea w rozmiarze 180 x 74 to model z wygodnymi podwy\u017cszonym oparciami pozwalaj\u0105cymi na korzystanie z wanny po obu stronach. Wi\u0119ksze wersje tej wanny pozwalaj\u0105 na korzystanie z wanny przez dwie osoby. Wykonana z wysokiej jako\u015bci p\u0142yty akrylowej, wzmacnianej kilkoma warstwami w\u0142\u00f3kna szklanego z \u017cywic\u0105. Charakteryzuje si\u0119 ciekawym kszta\u0142tem eleganckiej \u0142odzi oraz pi\u0119knym wykonaniem, tworz\u0105c unikalny element ka\u017cdej \u0142azienki. Niepowtarzalny styl wanny Salanea oferuje niezapomniane doznania podczas relaksuj\u0105cych k\u0105pieli. \u00a0Wanna w kolorze bia\u0142ym. Posiada korek klik klak oraz syfon obrotowy z rur\u0105 odp\u0142ywow\u0105, system przelewowy wraz z ozdobn\u0105 za\u015blepk\u0105.<\/p>","protected":false},"excerpt":{"rendered":"<p>Wanna wolnostoj\u0105ca Salanea z dwoma poniesionymi oparciami w rozmiarze 180 x 74 w komplecie z korkiem klik klak, syfonem niskoprofilowym obrotowym, rur\u0105 odp\u0142ywow\u0105 oraz systemem przelewowym z chromowan\u0105 za\u015blepk\u0105.<\/p>","protected":false},"featured_media":424,"comment_status":"closed","ping_status":"closed","template":"","meta":{"_acf_changed":false,"inline_featured_image":false},"product_cat":[18],"product_tag":[],"class_list":{"0":"post-400","1":"product","2":"type-product","3":"status-publish","4":"has-post-thumbnail","6":"product_cat-wanny-wolnostojace","8":"first","9":"instock","10":"shipping-taxable","11":"product-type-simple"},"acf":[],"_links":{"self":[{"href":"https:\/\/braider.eu\/en\/wp-json\/wp\/v2\/product\/400","targetHints":{"allow":["GET"]}}],"collection":[{"href":"https:\/\/braider.eu\/en\/wp-json\/wp\/v2\/product"}],"about":[{"href":"https:\/\/braider.eu\/en\/wp-json\/wp\/v2\/types\/product"}],"replies":[{"embeddable":true,"href":"https:\/\/braider.eu\/en\/wp-json\/wp\/v2\/comments?post=400"}],"wp:featuredmedia":[{"embeddable":true,"href":"https:\/\/braider.eu\/en\/wp-json\/wp\/v2\/media\/424"}],"wp:attachment":[{"href":"https:\/\/braider.eu\/en\/wp-json\/wp\/v2\/media?parent=400"}],"wp:term":[{"taxonomy":"product_cat","embeddable":true,"href":"https:\/\/braider.eu\/en\/wp-json\/wp\/v2\/product_cat?post=400"},{"taxonomy":"product_tag","embeddable":true,"href":"https:\/\/braider.eu\/en\/wp-json\/wp\/v2\/product_tag?post=400"}],"curies":[{"name":"wp","href":"https:\/\/api.w.org\/{rel}","templated":true}]}}