{"id":3,"date":"2024-01-08T08:54:42","date_gmt":"2024-01-08T07:54:42","guid":{"rendered":"https:\/\/braider.eu\/?page_id=3"},"modified":"2024-04-10T15:08:10","modified_gmt":"2024-04-10T13:08:10","slug":"polityka-prywatnosci","status":"publish","type":"page","link":"https:\/\/braider.eu\/en\/polityka-prywatnosci\/","title":{"rendered":"Polityka prywatno\u015bci"},"content":{"rendered":"<h2 class=\"wp-block-heading\">Kim jeste\u015bmy i w jakim celu zbieramy dane.<\/h2>\n\n\n\n<p>Adres naszej strony internetowej to:&nbsp;<a href=\"https:\/\/braider.eu\/en\/\">https:\/\/braider.eu<\/a>.<\/p>\n\n\n\n<p><strong>Pa\u0144stwa dane zbierane s\u0105 w poszanowaniu Pa\u0144stwa prywatno\u015bci i prawa zgodnie z poni\u017cszymi zasadami :<\/strong><\/p>\n\n\n\n<p><strong>INFORMACJA ADMINISTRATORA DANYCH OSOBOWYCH SPORZ\u0104DZONA NA PODSTAWIE ART. 13 UST. 1 i 2 OG\u00d3LNEGO ROZPORZ\u0104DZENIA O OCHRONIE DANYCH (RODO)&nbsp;<\/strong><\/p>\n\n\n\n<p>W zwi\u0105zku z wej\u015bciem w \u017cycie i konieczno\u015bci\u0105 stosowania Rozporz\u0105dzenia Parlamentu Europejskiego i Rady (UE) 2016\/679 z dnia 27 kwietnia 2016 r. w sprawie ochrony os\u00f3b fizycznych w zwi\u0105zku z przetwarzaniem danych osobowych i w sprawie swobodnego przep\u0142ywu takich danych oraz uchylenia dyrektywy 95\/46\/WE (og\u00f3lne rozporz\u0105dzenie o ochronie danych) (zwanego dalej \u201eRozporz\u0105dzeniem\u201d). Braider Sp. z o.o. b\u0119d\u0105cy w\u0142a\u015bcicielem domeny internetowej&nbsp;<a href=\"https:\/\/braider.eu\/en\/\">www.braider.eu<\/a>&nbsp;przedstawia poni\u017csze informacje dotycz\u0105ce zasad przetwarzania Pani\/Pana danych osobowych.&nbsp;<\/p>\n\n\n\n<ol class=\"wp-block-list\">\n<li>Administratorem Pani\/Pana danych osobowych jest Braider Sp. z o.o. z siedzib\u0105 w Bieruniu, ul. Piastowska 1; tel. 735 005 608 ,mail :\u00a0<a href=\"mailto:wg.braider@gmail.com\">wg.braider@gmail.com<\/a>\u00a0<\/li>\n\n\n\n<li>Administrator zobowi\u0105zuje si\u0119 do do\u0142o\u017cenia stara\u0144 w celu zachowania nale\u017cytego zabezpieczenia danych osobowych Klienta.<\/li>\n\n\n\n<li>Z wyznaczonym przez stron\u0119\u00a0<a href=\"https:\/\/braider.eu\/en\/\">braider.eu<\/a>\u00a0Inspektorem Ochrony Danych Osobowych, Panem Rafa\u0142em Dzidek, mo\u017cna si\u0119 kontaktowa\u0107 pisz\u0105c na adres mailowy\u00a0<a href=\"mailto:rd.braider@gmail.com\">rd.braider@gmail.com<\/a> najlepiej z dopiskiem: \u201eInspektor Danych Osobowych\u201d .\u00a0<\/li>\n\n\n\n<li>W ramach obs\u0142ugi zapyta\u0144 przetwarzane s\u0105 nast\u0119puj\u0105ce dane : Imi\u0119, adres e-mail, numer telefonu, oraz inne informacje przekazywane przez klient\u00f3w \u015bwiadomie w celu realizacji zapytania.<\/li>\n\n\n\n<li>Pani\/Pana dane osobowe b\u0119d\u0105 przetwarzane przez okres uzasadniony do realizacji cel\u00f3w zwi\u0105zanych z obs\u0142ug\u0105 zapytania na czas zgodny z obowi\u0105zuj\u0105cymi przepisami z uwzgl\u0119dnieniem przedawnienia roszcze\u0144 oraz zobowi\u0105za\u0144. Dane osobowe na przetwarzanie, kt\u00f3rych wyrazili Pa\u0144stwo zgod\u0119 b\u0119d\u0105 przechowywane do czasu cofni\u0119cia przez Pa\u0144stwa zgody.<\/li>\n\n\n\n<li>W zwi\u0105zku z przetwarzaniem Pani\/Pana danych osobowych przys\u0142uguje Pani\/Panu:\n<ol class=\"wp-block-list\">\n<li>prawo dost\u0119pu do tre\u015bci swoich danych osobowych,\u00a0<\/li>\n\n\n\n<li>prawo do ich sprostowania, gdy s\u0105 niezgodne ze stanem rzeczywistym,\u00a0<\/li>\n\n\n\n<li>prawo do ich usuni\u0119cia lub ograniczenia przetwarzania danych,\u00a0<\/li>\n\n\n\n<li>prawo do wniesienia sprzeciwu wobec przetwarzania danych osobowych,\u00a0<\/li>\n\n\n\n<li>prawo do przenoszenia danych.\u00a0<\/li>\n<\/ol>\n<\/li>\n\n\n\n<li>W przypadku, gdy przetwarzanie Pani\/Pana danych osobowych odbywa si\u0119 na podstawie zgody, ma Pani\/Pan prawo do wycofania takiej zgody w dowolnym momencie. Cofni\u0119cie zgody nie wp\u0142ywa na przetwarzanie danych przed cofni\u0119ciem zgody ani podstaw\u0119 prawn\u0105 tego przetwarzania.\u00a0<\/li>\n\n\n\n<li>Organem nadzorczym wobec strony\u00a0<a href=\"https:\/\/braider.eu\/en\/\">braider.eu<\/a>\u00a0i w zakresie danych osobowych jest PUODO. Posiada Pani\/Pan prawo wniesienia skargi do organu nadzorczego.\u00a0<\/li>\n\n\n\n<li>W przypadku, gdy podanie przez Pani\u0105\/Pana danych osobowych nast\u0119puje w celu realizacji zapytania z\u0142o\u017conego przez formularz kontaktowy, podanie przez Pani\u0105\/Pana danych osobowych jest warunkiem zawarcia tej umowy. Podanie danych osobowych w tej sytuacji jest dobrowolne, jednak konsekwencj\u0105 niepodania tych danych b\u0119dzie brak mo\u017cliwo\u015bci realizacji zapytania przez stron\u0119\u00a0<a href=\"https:\/\/braider.eu\/en\/\">braider.eu<\/a>.\u00a0<\/li>\n\n\n\n<li>W sprawach nieuregulowanych regulaminem zastosowanie maj\u0105 postanowienia Kodeksu cywilnego i odpowiednich ustaw prawa polskiego, a tak\u017ce prawa Unii Europejskiej, w szczeg\u00f3lno\u015bci RODO (Rozporz\u0105dzenie Parlamentu Europejskiego i Rady (UE) 2016\/679 z dnia 27 kwietnia 2016 r. w sprawie ochrony os\u00f3b fizycznych w zwi\u0105zku z przetwarzaniem danych osobowych i w sprawie swobodnego przep\u0142ywu takich danych oraz uchylenia dyrektywy 95\/46\/WE).<\/li>\n<\/ol>","protected":false},"excerpt":{"rendered":"<p>Kim jeste\u015bmy i w jakim celu zbieramy dane. Adres naszej strony internetowej to:&nbsp;https:\/\/braider.eu. Pa\u0144stwa dane zbierane s\u0105 w poszanowaniu Pa\u0144stwa prywatno\u015bci i prawa zgodnie z poni\u017cszymi zasadami : INFORMACJA ADMINISTRATORA DANYCH OSOBOWYCH SPORZ\u0104DZONA NA PODSTAWIE ART. 13 UST. 1 i 2 OG\u00d3LNEGO ROZPORZ\u0104DZENIA O OCHRONIE DANYCH (RODO)&nbsp; W zwi\u0105zku z wej\u015bciem w \u017cycie i konieczno\u015bci\u0105 &hellip; <a href=\"https:\/\/braider.eu\/en\/polityka-prywatnosci\/\">Continued<\/a><\/p>","protected":false},"author":1,"featured_media":0,"parent":0,"menu_order":0,"comment_status":"closed","ping_status":"open","template":"views\/template-custom.blade.php","meta":{"_acf_changed":false,"inline_featured_image":false,"footnotes":""},"class_list":["post-3","page","type-page","status-publish","hentry"],"acf":[],"_links":{"self":[{"href":"https:\/\/braider.eu\/en\/wp-json\/wp\/v2\/pages\/3","targetHints":{"allow":["GET"]}}],"collection":[{"href":"https:\/\/braider.eu\/en\/wp-json\/wp\/v2\/pages"}],"about":[{"href":"https:\/\/braider.eu\/en\/wp-json\/wp\/v2\/types\/page"}],"author":[{"embeddable":true,"href":"https:\/\/braider.eu\/en\/wp-json\/wp\/v2\/users\/1"}],"replies":[{"embeddable":true,"href":"https:\/\/braider.eu\/en\/wp-json\/wp\/v2\/comments?post=3"}],"version-history":[{"count":3,"href":"https:\/\/braider.eu\/en\/wp-json\/wp\/v2\/pages\/3\/revisions"}],"predecessor-version":[{"id":339,"href":"https:\/\/braider.eu\/en\/wp-json\/wp\/v2\/pages\/3\/revisions\/339"}],"wp:attachment":[{"href":"https:\/\/braider.eu\/en\/wp-json\/wp\/v2\/media?parent=3"}],"curies":[{"name":"wp","href":"https:\/\/api.w.org\/{rel}","templated":true}]}}